{"id":290,"date":"2018-11-23T11:42:56","date_gmt":"2018-11-23T11:42:56","guid":{"rendered":"https:\/\/cbfstudio.it\/le-attivita\/"},"modified":"2019-01-09T16:59:08","modified_gmt":"2019-01-09T16:59:08","slug":"activites","status":"publish","type":"page","link":"https:\/\/cbfstudio.it\/fr\/activites\/","title":{"rendered":"Activit\u00e9s"},"content":{"rendered":"[vc_row type=\u00a0\u00bbfull_width_background\u00a0\u00bb full_screen_row_position=\u00a0\u00bbmiddle\u00a0\u00bb full_height=\u00a0\u00bbyes\u00a0\u00bb columns_placement=\u00a0\u00bbtop\u00a0\u00bb scene_position=\u00a0\u00bbcenter\u00a0\u00bb text_color=\u00a0\u00bbdark\u00a0\u00bb text_align=\u00a0\u00bbleft\u00a0\u00bb class=\u00a0\u00bbmain-section-bg\u00a0\u00bb overlay_strength=\u00a0\u00bb0.3&Prime; shape_divider_position=\u00a0\u00bbbottom\u00a0\u00bb shape_type=\u00a0\u00bb\u00a0\u00bb][vc_column column_padding=\u00a0\u00bbno-extra-padding\u00a0\u00bb column_padding_position=\u00a0\u00bball\u00a0\u00bb background_color_opacity=\u00a0\u00bb1&Prime; background_hover_color_opacity=\u00a0\u00bb1&Prime; column_link_target=\u00a0\u00bb_self\u00a0\u00bb column_shadow=\u00a0\u00bbnone\u00a0\u00bb column_border_radius=\u00a0\u00bbnone\u00a0\u00bb top_margin=\u00a0\u00bb15%\u00a0\u00bb width=\u00a0\u00bb1\/1&Prime; tablet_width_inherit=\u00a0\u00bbdefault\u00a0\u00bb tablet_text_alignment=\u00a0\u00bbdefault\u00a0\u00bb phone_text_alignment=\u00a0\u00bbdefault\u00a0\u00bb column_border_width=\u00a0\u00bbnone\u00a0\u00bb column_border_style=\u00a0\u00bbsolid\u00a0\u00bb][vc_column_text css_animation=\u00a0\u00bbfadeInLeft\u00a0\u00bb]\n<h1>Activit\u00e9s<\/h1>\n[\/vc_column_text][vc_row_inner equal_height=\u00a0\u00bbyes\u00a0\u00bb column_margin=\u00a0\u00bbdefault\u00a0\u00bb text_align=\u00a0\u00bbleft\u00a0\u00bb class=\u00a0\u00bbattivita\u00a0\u00bb css=\u00a0\u00bb.vc_custom_1543661779344{margin-top: 120px !important;}\u00a0\u00bb][vc_column_inner column_padding=\u00a0\u00bbno-extra-padding\u00a0\u00bb column_padding_position=\u00a0\u00bball\u00a0\u00bb background_color_opacity=\u00a0\u00bb1&Prime; background_hover_color_opacity=\u00a0\u00bb1&Prime; column_shadow=\u00a0\u00bbnone\u00a0\u00bb column_border_radius=\u00a0\u00bbnone\u00a0\u00bb column_link_target=\u00a0\u00bb_self\u00a0\u00bb width=\u00a0\u00bb1\/3&Prime; tablet_width_inherit=\u00a0\u00bbdefault\u00a0\u00bb column_border_width=\u00a0\u00bbnone\u00a0\u00bb column_border_style=\u00a0\u00bbsolid\u00a0\u00bb][nectar_flip_box bg_color=\u00a0\u00bb#8fa6c6&Prime; text_color=\u00a0\u00bblight\u00a0\u00bb icon_color=\u00a0\u00bbAccent-Color\u00a0\u00bb bg_color_2=\u00a0\u00bb#f29222&Prime; text_color_2=\u00a0\u00bblight\u00a0\u00bb h_text_align=\u00a0\u00bbleft\u00a0\u00bb v_text_align=\u00a0\u00bbcenter\u00a0\u00bb flip_direction=\u00a0\u00bbhorizontal-to-left\u00a0\u00bb min_height=\u00a0\u00bb400&Prime; class=\u00a0\u00bb\u00ab\u00a0centered\u00ab\u00a0\u00a0\u00bb front_content=\u00a0\u00bbP\u00f4le soci\u00e9taire\u00a0\u00bb]\n<ul>\n<li>Pr\u00e9paration des bilans comptables d&rsquo;exercice et consolid\u00e9s<\/li>\n<li>Consultation en vue d&rsquo;op\u00e9rations extraordinaires<\/li>\n<li>\u00c9valuations d&rsquo;entreprises et de participations<\/li>\n<li>Mandats de syndic dans des soci\u00e9t\u00e9s et autres entit\u00e9s<\/li>\n<li>Assistance dans les rapports avec les instituts de cr\u00e9dit et consultation sur les strat\u00e9gies de financement<\/li>\n<li>Secr\u00e9tariat soci\u00e9taire<\/li>\n<\/ul>\n[\/nectar_flip_box][\/vc_column_inner][vc_column_inner background_image=\u00a0\u00bb412&Prime; enable_bg_scale=\u00a0\u00bbtrue\u00a0\u00bb column_padding=\u00a0\u00bbno-extra-padding\u00a0\u00bb column_padding_position=\u00a0\u00bball\u00a0\u00bb background_color_opacity=\u00a0\u00bb1&Prime; background_hover_color_opacity=\u00a0\u00bb1&Prime; column_shadow=\u00a0\u00bbnone\u00a0\u00bb column_border_radius=\u00a0\u00bbnone\u00a0\u00bb column_link_target=\u00a0\u00bb_self\u00a0\u00bb width=\u00a0\u00bb2\/3&Prime; tablet_width_inherit=\u00a0\u00bbdefault\u00a0\u00bb column_border_width=\u00a0\u00bbnone\u00a0\u00bb column_border_style=\u00a0\u00bbsolid\u00a0\u00bb offset=\u00a0\u00bbvc_hidden-sm vc_hidden-xs\u00a0\u00bb][\/vc_column_inner][\/vc_row_inner][vc_row_inner column_margin=\u00a0\u00bbdefault\u00a0\u00bb text_align=\u00a0\u00bbleft\u00a0\u00bb class=\u00a0\u00bbattivita\u00a0\u00bb][vc_column_inner column_padding=\u00a0\u00bbno-extra-padding\u00a0\u00bb column_padding_position=\u00a0\u00bball\u00a0\u00bb background_color_opacity=\u00a0\u00bb1&Prime; background_hover_color_opacity=\u00a0\u00bb1&Prime; column_shadow=\u00a0\u00bbnone\u00a0\u00bb column_border_radius=\u00a0\u00bbnone\u00a0\u00bb column_link_target=\u00a0\u00bb_self\u00a0\u00bb width=\u00a0\u00bb1\/3&Prime; tablet_width_inherit=\u00a0\u00bbdefault\u00a0\u00bb column_border_width=\u00a0\u00bbnone\u00a0\u00bb column_border_style=\u00a0\u00bbsolid\u00a0\u00bb][nectar_flip_box bg_color=\u00a0\u00bb#8fa6c6&Prime; text_color=\u00a0\u00bblight\u00a0\u00bb icon_color=\u00a0\u00bbAccent-Color\u00a0\u00bb bg_color_2=\u00a0\u00bb#f29222&Prime; text_color_2=\u00a0\u00bblight\u00a0\u00bb h_text_align=\u00a0\u00bbleft\u00a0\u00bb v_text_align=\u00a0\u00bbcenter\u00a0\u00bb flip_direction=\u00a0\u00bbhorizontal-to-left\u00a0\u00bb min_height=\u00a0\u00bb400&Prime; class=\u00a0\u00bb\u00ab\u00a0centered\u00ab\u00a0\u00a0\u00bb front_content=\u00a0\u00bbP\u00f4le fiscal\u00a0\u00bb]\n<ul>\n<li>Consultation sur la fiscalit\u00e9 des entreprises et des groupes soci\u00e9taires<\/li>\n<li>Assistance fiscale continue sur la gestion ordinaire de l&rsquo;activit\u00e9<\/li>\n<li>Consultation sur la fiscalit\u00e9 des op\u00e9rations extraordinaires<\/li>\n<li>Consultation sur la planification fiscale des patrimoines et des passages de g\u00e9n\u00e9ration<\/li>\n<\/ul>\n[\/nectar_flip_box][\/vc_column_inner][vc_column_inner column_padding=\u00a0\u00bbno-extra-padding\u00a0\u00bb column_padding_position=\u00a0\u00bball\u00a0\u00bb background_color_opacity=\u00a0\u00bb1&Prime; background_hover_color_opacity=\u00a0\u00bb1&Prime; column_shadow=\u00a0\u00bbnone\u00a0\u00bb column_border_radius=\u00a0\u00bbnone\u00a0\u00bb column_link_target=\u00a0\u00bb_self\u00a0\u00bb width=\u00a0\u00bb1\/3&Prime; tablet_width_inherit=\u00a0\u00bbdefault\u00a0\u00bb column_border_width=\u00a0\u00bbnone\u00a0\u00bb column_border_style=\u00a0\u00bbsolid\u00a0\u00bb][nectar_flip_box bg_color=\u00a0\u00bb#8fa6c6&Prime; text_color=\u00a0\u00bblight\u00a0\u00bb icon_color=\u00a0\u00bbAccent-Color\u00a0\u00bb bg_color_2=\u00a0\u00bb#f29222&Prime; text_color_2=\u00a0\u00bblight\u00a0\u00bb h_text_align=\u00a0\u00bbleft\u00a0\u00bb v_text_align=\u00a0\u00bbcenter\u00a0\u00bb flip_direction=\u00a0\u00bbhorizontal-to-left\u00a0\u00bb min_height=\u00a0\u00bb400&Prime; class=\u00a0\u00bb\u00ab\u00a0centered\u00ab\u00a0\u00a0\u00bb front_content=\u00a0\u00bbFusions et acquisitions\u00a0\u00bb]\n<ul>\n<li>Consultation sur les op\u00e9rations de M&amp;A et de finance extraordinaire<\/li>\n<li>Due diligence fiscales<\/li>\n<\/ul>\n<p>&nbsp;<\/p>\n[\/nectar_flip_box][\/vc_column_inner][vc_column_inner column_padding=\u00a0\u00bbno-extra-padding\u00a0\u00bb column_padding_position=\u00a0\u00bball\u00a0\u00bb background_color_opacity=\u00a0\u00bb1&Prime; background_hover_color_opacity=\u00a0\u00bb1&Prime; column_shadow=\u00a0\u00bbnone\u00a0\u00bb column_border_radius=\u00a0\u00bbnone\u00a0\u00bb column_link_target=\u00a0\u00bb_self\u00a0\u00bb width=\u00a0\u00bb1\/3&Prime; tablet_width_inherit=\u00a0\u00bbdefault\u00a0\u00bb column_border_width=\u00a0\u00bbnone\u00a0\u00bb column_border_style=\u00a0\u00bbsolid\u00a0\u00bb][nectar_flip_box bg_color=\u00a0\u00bb#8fa6c6&Prime; text_color=\u00a0\u00bblight\u00a0\u00bb icon_color=\u00a0\u00bbAccent-Color\u00a0\u00bb bg_color_2=\u00a0\u00bb#f29222&Prime; text_color_2=\u00a0\u00bblight\u00a0\u00bb h_text_align=\u00a0\u00bbleft\u00a0\u00bb v_text_align=\u00a0\u00bbcenter\u00a0\u00bb flip_direction=\u00a0\u00bbhorizontal-to-left\u00a0\u00bb min_height=\u00a0\u00bb400&Prime; class=\u00a0\u00bb\u00ab\u00a0centered\u00ab\u00a0\u00a0\u00bb front_content=\u00a0\u00bbContentieux\u00a0\u00bb]\n<ul>\n<li>Assistance au cours des v\u00e9rifications fiscales<\/li>\n<li>Assistance et consultation en phase de pr\u00e9-contentieux (rectification, adh\u00e9sions)<\/li>\n<li>Assistance et consultation en contentieux fiscal avec repr\u00e9sentation devant la commission fiscale<\/li>\n<li>Consultations techniques devant le tribunal civil et p\u00e9nal<\/li>\n<\/ul>\n[\/nectar_flip_box][\/vc_column_inner][\/vc_row_inner][\/vc_column][\/vc_row][vc_row type=\u00a0\u00bbin_container\u00a0\u00bb full_screen_row_position=\u00a0\u00bbmiddle\u00a0\u00bb scene_position=\u00a0\u00bbcenter\u00a0\u00bb text_color=\u00a0\u00bbdark\u00a0\u00bb text_align=\u00a0\u00bbleft\u00a0\u00bb overlay_strength=\u00a0\u00bb0.3&Prime; shape_divider_position=\u00a0\u00bbbottom\u00a0\u00bb][vc_column column_padding=\u00a0\u00bbno-extra-padding\u00a0\u00bb column_padding_position=\u00a0\u00bball\u00a0\u00bb background_color_opacity=\u00a0\u00bb1&Prime; background_hover_color_opacity=\u00a0\u00bb1&Prime; column_link_target=\u00a0\u00bb_self\u00a0\u00bb column_shadow=\u00a0\u00bbnone\u00a0\u00bb column_border_radius=\u00a0\u00bbnone\u00a0\u00bb width=\u00a0\u00bb1\/1&Prime; tablet_width_inherit=\u00a0\u00bbdefault\u00a0\u00bb tablet_text_alignment=\u00a0\u00bbdefault\u00a0\u00bb phone_text_alignment=\u00a0\u00bbdefault\u00a0\u00bb column_border_width=\u00a0\u00bbnone\u00a0\u00bb column_border_style=\u00a0\u00bbsolid\u00a0\u00bb]<div class=\"divider-wrap\" data-alignment=\"default\"><div style=\"height: 100px;\" class=\"divider\"><\/div><\/div>[\/vc_column][\/vc_row]\n","protected":false},"excerpt":{"rendered":"<p>[vc_row type=\u00a0\u00bbfull_width_background\u00a0\u00bb full_screen_row_position=\u00a0\u00bbmiddle\u00a0\u00bb full_height=\u00a0\u00bbyes\u00a0\u00bb columns_placement=\u00a0\u00bbtop\u00a0\u00bb scene_position=\u00a0\u00bbcenter\u00a0\u00bb text_color=\u00a0\u00bbdark\u00a0\u00bb text_align=\u00a0\u00bbleft\u00a0\u00bb class=\u00a0\u00bbmain-section-bg\u00a0\u00bb overlay_strength=\u00a0\u00bb0.3&Prime; shape_divider_position=\u00a0\u00bbbottom\u00a0\u00bb shape_type=\u00a0\u00bb\u00a0\u00bb][vc_column column_padding=\u00a0\u00bbno-extra-padding\u00a0\u00bb column_padding_position=\u00a0\u00bball\u00a0\u00bb background_color_opacity=\u00a0\u00bb1&Prime; background_hover_color_opacity=\u00a0\u00bb1&Prime; column_link_target=\u00a0\u00bb_self\u00a0\u00bb column_shadow=\u00a0\u00bbnone\u00a0\u00bb column_border_radius=\u00a0\u00bbnone\u00a0\u00bb top_margin=\u00a0\u00bb15%\u00a0\u00bb width=\u00a0\u00bb1\/1&Prime; tablet_width_inherit=\u00a0\u00bbdefault\u00a0\u00bb tablet_text_alignment=\u00a0\u00bbdefault\u00a0\u00bb phone_text_alignment=\u00a0\u00bbdefault\u00a0\u00bb column_border_width=\u00a0\u00bbnone\u00a0\u00bb column_border_style=\u00a0\u00bbsolid\u00a0\u00bb][vc_column_text css_animation=\u00a0\u00bbfadeInLeft\u00a0\u00bb] Activit\u00e9s [\/vc_column_text][vc_row_inner equal_height=\u00a0\u00bbyes\u00a0\u00bb&#8230;<\/p>\n","protected":false},"author":1,"featured_media":0,"parent":0,"menu_order":0,"comment_status":"closed","ping_status":"closed","template":"","meta":{"_acf_changed":false,"footnotes":""},"class_list":["post-290","page","type-page","status-publish"],"acf":[],"_links":{"self":[{"href":"https:\/\/cbfstudio.it\/fr\/wp-json\/wp\/v2\/pages\/290","targetHints":{"allow":["GET"]}}],"collection":[{"href":"https:\/\/cbfstudio.it\/fr\/wp-json\/wp\/v2\/pages"}],"about":[{"href":"https:\/\/cbfstudio.it\/fr\/wp-json\/wp\/v2\/types\/page"}],"author":[{"embeddable":true,"href":"https:\/\/cbfstudio.it\/fr\/wp-json\/wp\/v2\/users\/1"}],"replies":[{"embeddable":true,"href":"https:\/\/cbfstudio.it\/fr\/wp-json\/wp\/v2\/comments?post=290"}],"version-history":[{"count":4,"href":"https:\/\/cbfstudio.it\/fr\/wp-json\/wp\/v2\/pages\/290\/revisions"}],"predecessor-version":[{"id":463,"href":"https:\/\/cbfstudio.it\/fr\/wp-json\/wp\/v2\/pages\/290\/revisions\/463"}],"wp:attachment":[{"href":"https:\/\/cbfstudio.it\/fr\/wp-json\/wp\/v2\/media?parent=290"}],"curies":[{"name":"wp","href":"https:\/\/api.w.org\/{rel}","templated":true}]}}