{"id":285,"date":"2018-11-29T22:06:23","date_gmt":"2018-11-29T22:06:23","guid":{"rendered":"https:\/\/cbfstudio.it\/cookie-policy\/"},"modified":"2021-09-23T09:00:54","modified_gmt":"2021-09-23T09:00:54","slug":"cookie-policy","status":"publish","type":"page","link":"https:\/\/cbfstudio.it\/en\/cookie-policy\/","title":{"rendered":"Cookie policy"},"content":{"rendered":"[vc_row type=&#8221;full_width_background&#8221; full_screen_row_position=&#8221;middle&#8221; full_height=&#8221;yes&#8221; scene_position=&#8221;center&#8221; text_color=&#8221;dark&#8221; text_align=&#8221;left&#8221; class=&#8221;main-section-bg&#8221; overlay_strength=&#8221;0.3&#8243; shape_divider_position=&#8221;bottom&#8221; shape_type=&#8221;&#8221;][vc_column column_padding=&#8221;no-extra-padding&#8221; column_padding_position=&#8221;all&#8221; background_color_opacity=&#8221;1&#8243; background_hover_color_opacity=&#8221;1&#8243; column_link_target=&#8221;_self&#8221; column_shadow=&#8221;none&#8221; column_border_radius=&#8221;none&#8221; width=&#8221;1\/1&#8243; tablet_width_inherit=&#8221;default&#8221; tablet_text_alignment=&#8221;default&#8221; phone_text_alignment=&#8221;default&#8221; column_border_width=&#8221;none&#8221; column_border_style=&#8221;solid&#8221;][vc_column_text css_animation=&#8221;fadeInLeft&#8221; el_class=&#8221;contatti-text&#8221;]\n<h1>Cookie Policy<\/h1>\n<p>di <em>cbfstudio.it<\/em><\/p>\n<p><strong>Titolare del trattamento dei dati<\/strong>: CBFSTUDIO<br \/>\n<strong>Sede legale<\/strong>: Corso Vittorio Emanuele II n. 6 &#8211; 10123 &#8211; Torino (TO)<br \/>\n<strong>P.IVA<\/strong>: 06029190011<br \/>\n<strong>Indirizzo email del Titolare<\/strong>: <a href=\"mailto:privacy@cbfstudio.it\">privacy@cbfstudio.it<\/a><\/p>\n<p><a class=\"privacy-policy\" href=\"#privacy-policy\">Vai alla sezione Privacy Policy<\/a>[\/vc_column_text][\/vc_column][\/vc_row][vc_row type=&#8221;in_container&#8221; full_screen_row_position=&#8221;middle&#8221; scene_position=&#8221;center&#8221; text_color=&#8221;dark&#8221; text_align=&#8221;left&#8221; top_padding=&#8221;50&#8243; class=&#8221;normativa&#8221; id=&#8221;privacy-policy&#8221; overlay_strength=&#8221;0.3&#8243; shape_divider_position=&#8221;bottom&#8221; shape_type=&#8221;&#8221;][vc_column column_padding=&#8221;no-extra-padding&#8221; column_padding_position=&#8221;all&#8221; background_color_opacity=&#8221;1&#8243; background_hover_color_opacity=&#8221;1&#8243; column_link_target=&#8221;_self&#8221; column_shadow=&#8221;none&#8221; column_border_radius=&#8221;none&#8221; width=&#8221;1\/1&#8243; tablet_width_inherit=&#8221;default&#8221; tablet_text_alignment=&#8221;default&#8221; phone_text_alignment=&#8221;default&#8221; column_border_width=&#8221;none&#8221; column_border_style=&#8221;solid&#8221;][vc_column_text]\n<h2><strong>PRIVACY POLICY<\/strong><\/h2>\n<h2><strong>Informativa privacy e cookie policy ex Art 13 <\/strong><strong>del Regolamento Generale per la Protezione dei Dati UE 2016\/679 (GDPR)<\/strong><\/h2>\n<p>Cuttica Bonicelli Floridia e Associati con sede legale in Torino, Corso Vittorio Emanuele II n. 6 (di seguito \u201cnome societ\u00e0\u201d) si impegna costantemente per tutelare la privacy on-line dei suoi utenti.<\/p>\n<h3><strong>A) Fonte dei dati personali e Titolare del trattamento<\/strong><\/h3>\n<p>Questo documento \u00e8 stato redatto ai sensi dell\u2019art. 13 del Regolamento UE 2016\/679 (di seguito: &#8220;<strong>Regolamento<\/strong>&#8220;) al fine di permetterle di conoscere la nostra politica sulla privacy. Vengono descritte le modalit\u00e0 generali del trattamento dei dati personali degli utenti del sito e dei cookies e come le sue informazioni personali vengono gestite quando utilizza il nostro sito [<em><a href=\"https:\/\/www.cbfstudio.it\">www.cbfstudio.it<\/a><\/em>] (di seguito \u201c<strong>Sito<\/strong>\u201d) Le informazioni ed i dati da lei forniti od altrimenti acquisiti nell&#8217;ambito dell\u2019utilizzo dei servizi di <em>Cuttica Bonicelli Floridia e Associati<\/em>, &#8211; come ad esempio: l\u2019accesso all\u2019area riservata del Sito, le newsletter, etc. \u2026\u2026\u2026\u2026\u2026, di seguito &#8220;<strong>Servizi<\/strong>&#8221; -, saranno oggetto di trattamento nel rispetto delle disposizioni del Regolamento e degli obblighi di riservatezza che ispirano l&#8217;attivit\u00e0 di <em>Cuttica Bonicelli Floridia e Associati<\/em><\/p>\n<p>Secondo le norme del Regolamento, i trattamenti effettuati da <em>Cuttica Bonicelli Floridia e Associati<\/em> saranno improntati ai principi di liceit\u00e0, correttezza, trasparenza, limitazione delle finalit\u00e0 e della conservazione, minimizzazione dei dati, esattezza, integrit\u00e0 e riservatezza.<\/p>\n<p>Il titolare dei trattamenti svolti attraverso il Sito \u00e8 <em>Cuttica Bonicelli Floridia e Associati<\/em> con sede legale in Torino, Corso Vittorio Emanuele II n. 6, come sopra definito a cui pu\u00f2 scrivere per qualunque informazione inerente il trattamento dei dati personali.<\/p>\n<p>La presente informativa \u00e8 resa solo per questo Sito e non anche per altri siti web eventualmente consultati dall&#8217;utente tramite link. Si rimanda ad eventuali sezioni specifiche del Sito dove potr\u00e0 trovare le informative specifiche e le eventuali richieste di consenso per singoli trattamenti.<\/p>\n<h3><strong>B) Tipi di dati<\/strong><\/h3>\n<p>A seguito della navigazione del Sito, la informiamo che <em>Cuttica Bonicelli Floridia e Associati<\/em> tratter\u00e0 dati personali (art. 4(1) del Regolamento) di seguito solo \u201c<strong>Dati Personali<\/strong>\u201d.<\/p>\n<p>In particolare, i Dati Personali trattati attraverso il Sito sono i seguenti:<\/p>\n<h4><strong>1) Dati di navigazione<\/strong><\/h4>\n<p>I sistemi informatici e le procedure software preposte al funzionamento del Sito acquisiscono, nel corso del loro normale esercizio, alcuni Dati Personali la cui trasmissione \u00e8 implicita nell&#8217;uso dei protocolli di comunicazione di Internet. Si tratta di informazioni che non sono raccolte per essere associate a interessati identificati, ma che per loro stessa natura potrebbero, attraverso elaborazioni ed associazioni con dati detenuti da terzi, permettere di identificare gli utenti. In questa categoria di dati rientrano gli indirizzi IP o i nomi a dominio dei computer utilizzati dagli utenti che si connettono al Sito, gli indirizzi in notazione URI (Uniform Resource Identifier) delle risorse richieste, l&#8217;orario della richiesta, il metodo utilizzato nel sottoporre la richiesta al server, la dimensione del file ottenuto in risposta, il codice numerico indicante lo stato della risposta data dal server (buon fine, errore, etc.) ed altri parametri relativi al sistema operativo e all&#8217;ambiente informatico dell&#8217;utente. Questi dati vengono utilizzati al solo fine di ricavare informazioni statistiche anonime sull&#8217;uso del Sito e per controllarne il corretto funzionamento (si veda infra il paragrafo sui cookie), per identificare anomalie e\/o abusi, e vengono cancellati immediatamente dopo l&#8217;elaborazione. I dati potrebbero essere utilizzati dalle autorit\u00e0 competenti per l\u2019accertamento di responsabilit\u00e0 in caso di ipotetici reati informatici ai danni del sito.<\/p>\n<h4><strong>2) Dati forniti volontariamente dall\u2019interessato<\/strong><\/h4>\n<p>A parte quanto specificato per i dati di navigazione, l&#8217;utente \u00e8 libero di fornire i dati personali riportati negli eventuali moduli di richiesta presenti all\u2019interno del sito web (es. per attivare newsletter, registrazione gratuita, acquisto, etc). Il loro mancato conferimento potrebbe comportare l&#8217;impossibilit\u00e0 di erogare il servizio. In questi casi saranno richieste le sole informazioni necessarie per il servizio richiesto (si vedano nel dettaglio le informative specifiche).<\/p>\n<p>Nell&#8217;utilizzo di alcuni Servizi del Sito potrebbe verificarsi un trattamento di Dati Personali di terzi soggetti da Lei inviati a <em>Cuttica Bonicelli Floridia e Associati<\/em>. Rispetto a tali ipotesi, lei si pone come autonomo titolare del trattamento, assumendosi tutti gli obblighi e le responsabilit\u00e0 di legge. In tal senso, conferisce sul punto la pi\u00f9 ampia manleva rispetto ad ogni contestazione, pretesa, richiesta di risarcimento del danno da trattamento, ecc. che dovesse pervenire a <em>Cuttica Bonicelli Floridia e Associati<\/em> da terzi soggetti i cui Dati Personali siano stati trattati attraverso il suo utilizzo delle funzioni del Sito in violazione delle norme sulla tutela dei dati personali applicabili. In ogni caso, qualora fornisse o in altro modo trattasse Dati Personali di terzi nell&#8217;utilizzo del Sito, garantisce fin da ora &#8211; assumendosene ogni connessa responsabilit\u00e0 &#8211; che tale particolare ipotesi di trattamento si fonda su un\u2019idonea base giuridica ai sensi dell\u2019art. 6 del Regolamento che legittima il trattamento delle informazioni in questione.<\/p>\n<h3><strong>C) Finalit\u00e0 del trattamento e basi giuridiche<\/strong><\/h3>\n<p>Il trattamento dei dati personali che intendiamo effettuare, dietro suo specifico consenso ove necessario, ha le seguenti finalit\u00e0:<br \/>\n&#8211; Consentire l&#8217;erogazione dei Servizi del Sito;<br \/>\nLa base giuridica del trattamento \u00e8 l\u2019esecuzione di misure precontrattuali adottate su richiesta dello stesso (art. 6(1)(b) del Regolamento) in quanto il trattamento \u00e8 necessario all&#8217;erogazione del Servizio.<br \/>\nIl conferimento dei Dati Personali per queste finalit\u00e0 \u00e8 facoltativo ma l&#8217;eventuale mancato conferimento comporterebbe l&#8217;impossibilit\u00e0 di attivare i Servizi forniti dal Sito.<\/p>\n<h3><strong>D) Destinatari dei dati personali<\/strong><\/h3>\n<p>I suoi Dati Personali potranno essere condivisi, per le finalit\u00e0 di cui sopra, con:<br \/>\n&#8211; persone autorizzate da <em>Cuttica Bonicelli Floridia e Associati<\/em> al trattamento di Dati Personali necessario a svolgere attivit\u00e0 strettamente correlate all&#8217;erogazione dei Servizi, che si siano impegnate alla riservatezza o abbiano un adeguato obbligo legale di riservatezza (es. dipendenti e amministratori di sistema).<br \/>\n&#8211; soggetti terzi eventualmente addetti alla gestione del Sito che agiscono tipicamente in qualit\u00e0 di Responsabili del trattamento (l\u2019elenco completo e aggiornato dei Responsabili del trattamento dei dati \u00e8 presente e reperibile al paragrafo <a href=\"#cookies\">Cookie Policy<\/a><br \/>\n&#8211; soggetti, enti o autorit\u00e0 a cui sia obbligatorio comunicare i suoi Dati Personali in forza di disposizioni di legge o di ordini delle autorit\u00e0.\u00f9<\/p>\n<h3><strong>E) Trasferimenti dei dati personali<\/strong><\/h3>\n<p>Alcuni dei suoi Dati Personali sono condivisi con Destinatari che si potrebbero trovare al di fuori dello Spazio Economico Europeo. <em>Cuttica Bonicelli Floridia e Associati<\/em> assicura che il trattamento dei suoi Dati Personali da parte di questi Destinatari avviene nel rispetto del Regolamento. Invero, i trasferimenti si possono basare su una decisione di adeguatezza, sulle Standard Contractual Clauses approvate dalla Commissione Europea o su un altro idonea base giuridica.<\/p>\n<h3><strong>F) I Suoi diritti privacy ex artt. 15 e ss. del Regolamento<\/strong><\/h3>\n<p>Ai sensi degli articoli 15 e seguenti del Regolamento, ha il diritto di chiedere a <em>Cuttica Bonicelli Floridia e Associati<\/em>, in qualunque momento, l&#8217;accesso ai suoi Dati Personali, la rettifica o la cancellazione degli stessi o di opporsi al loro trattamento, ha diritto di richiedere la limitazione del trattamento nei casi previsti dall&#8217;art. 18 del Regolamento, nonch\u00e9 di ottenere in un formato strutturato, di uso comune e leggibile da dispositivo automatico i dati che la riguardano, nei casi previsti dall&#8217;art. 20 del Regolamento.<\/p>\n<p>Le richieste vanno rivolte per iscritto al Titolare al seguente indirizzo: Corso Vittorio Emanuele II n. 6.<\/p>\n<p>In ogni caso hai sempre diritto di proporre reclamo all&#8217;Autorit\u00e0 di Controllo competente (Garante per la Protezione dei Dati Personali), ai sensi dell&#8217;art. 77 del Regolamento, qualora ritenga che il trattamento dei tuoi Dati Personali sia contrario alla normativa in vigore.<\/p>\n<h3><strong>G) Modifiche<\/strong><\/h3>\n<p>La presente privacy policy \u00e8 in vigore dal 24\/5\/2018. <em>Cuttica Bonicelli Floridia e Associati<\/em> si riserva di modificarne o semplicemente aggiornarne il contenuto, in parte o completamente, anche a causa di variazioni della normativa applicabile. <em>Cuttica Bonicelli Floridia e Associati<\/em> la informer\u00e0 di tali variazioni non appena verranno introdotte ed esse saranno vincolanti non appena pubblicate sul Sito.<\/p>\n<p><em>Cuttica Bonicelli Floridia e Associati<\/em> la invita quindi a visitare con regolarit\u00e0 questa sezione per prendere cognizione della pi\u00f9 recente ed aggiornata versione della privacy policy in modo da essere sempre aggiornato sui dati raccolti e sull\u2019uso che ne fa <em>Cuttica Bonicelli Floridia e Associati<\/em>.[\/vc_column_text][\/vc_column][\/vc_row]\n","protected":false},"excerpt":{"rendered":"<p>[vc_row type=&#8221;full_width_background&#8221; full_screen_row_position=&#8221;middle&#8221; full_height=&#8221;yes&#8221; scene_position=&#8221;center&#8221; text_color=&#8221;dark&#8221; text_align=&#8221;left&#8221; class=&#8221;main-section-bg&#8221; overlay_strength=&#8221;0.3&#8243; shape_divider_position=&#8221;bottom&#8221; shape_type=&#8221;&#8221;][vc_column column_padding=&#8221;no-extra-padding&#8221; column_padding_position=&#8221;all&#8221; background_color_opacity=&#8221;1&#8243; background_hover_color_opacity=&#8221;1&#8243; column_link_target=&#8221;_self&#8221; column_shadow=&#8221;none&#8221; column_border_radius=&#8221;none&#8221; width=&#8221;1\/1&#8243; tablet_width_inherit=&#8221;default&#8221; tablet_text_alignment=&#8221;default&#8221; phone_text_alignment=&#8221;default&#8221; column_border_width=&#8221;none&#8221; column_border_style=&#8221;solid&#8221;][vc_column_text css_animation=&#8221;fadeInLeft&#8221; el_class=&#8221;contatti-text&#8221;] Cookie Policy di cbfstudio.it&#8230;<\/p>\n","protected":false},"author":1,"featured_media":0,"parent":0,"menu_order":0,"comment_status":"closed","ping_status":"closed","template":"","meta":{"_acf_changed":false,"footnotes":""},"class_list":["post-285","page","type-page","status-publish"],"acf":[],"_links":{"self":[{"href":"https:\/\/cbfstudio.it\/en\/wp-json\/wp\/v2\/pages\/285","targetHints":{"allow":["GET"]}}],"collection":[{"href":"https:\/\/cbfstudio.it\/en\/wp-json\/wp\/v2\/pages"}],"about":[{"href":"https:\/\/cbfstudio.it\/en\/wp-json\/wp\/v2\/types\/page"}],"author":[{"embeddable":true,"href":"https:\/\/cbfstudio.it\/en\/wp-json\/wp\/v2\/users\/1"}],"replies":[{"embeddable":true,"href":"https:\/\/cbfstudio.it\/en\/wp-json\/wp\/v2\/comments?post=285"}],"version-history":[{"count":6,"href":"https:\/\/cbfstudio.it\/en\/wp-json\/wp\/v2\/pages\/285\/revisions"}],"predecessor-version":[{"id":802,"href":"https:\/\/cbfstudio.it\/en\/wp-json\/wp\/v2\/pages\/285\/revisions\/802"}],"wp:attachment":[{"href":"https:\/\/cbfstudio.it\/en\/wp-json\/wp\/v2\/media?parent=285"}],"curies":[{"name":"wp","href":"https:\/\/api.w.org\/{rel}","templated":true}]}}